{"id":1151,"date":"2019-07-31T12:09:03","date_gmt":"2019-07-31T11:09:03","guid":{"rendered":"http:\/\/bvtirsenses.pt\/site\/?page_id=1151"},"modified":"2019-08-01T12:53:27","modified_gmt":"2019-08-01T11:53:27","slug":"novo-inscricao-recrutamento","status":"publish","type":"page","link":"https:\/\/bvtirsenses.pt\/site\/novo-inscricao-recrutamento\/","title":{"rendered":"NOVO INSCRI\u00c7\u00c3O RECRUTAMENTO"},"content":{"rendered":"\t\t<div data-elementor-type=\"wp-post\" data-elementor-id=\"1151\" class=\"elementor elementor-1151\" data-elementor-post-type=\"page\">\n\t\t\t\t\t\t<section class=\"elementor-section elementor-top-section elementor-element elementor-element-00f20b1 elementor-section-height-min-height elementor-section-boxed elementor-section-height-default elementor-section-items-middle\" data-id=\"00f20b1\" data-element_type=\"section\" data-settings=\"{&quot;background_background&quot;:&quot;classic&quot;}\">\n\t\t\t\t\t\t<div class=\"elementor-container elementor-column-gap-default\">\n\t\t\t\t\t<div class=\"elementor-column elementor-col-100 elementor-top-column elementor-element elementor-element-9ee78ce\" data-id=\"9ee78ce\" data-element_type=\"column\">\n\t\t\t<div class=\"elementor-widget-wrap elementor-element-populated\">\n\t\t\t\t\t\t<div class=\"elementor-element elementor-element-75370b5 elementor-widget elementor-widget-heading\" data-id=\"75370b5\" data-element_type=\"widget\" data-widget_type=\"heading.default\">\n\t\t\t\t<div class=\"elementor-widget-container\">\n\t\t\t<h2 class=\"elementor-heading-title elementor-size-default\">NOS B.V. TIRSENSES <br>TU FAZES A DIFEREN\u00c7A<\/h2>\t\t<\/div>\n\t\t\t\t<\/div>\n\t\t\t\t\t<\/div>\n\t\t<\/div>\n\t\t\t\t\t<\/div>\n\t\t<\/section>\n\t\t\t\t<section class=\"elementor-section elementor-top-section elementor-element elementor-element-db6d237 elementor-section-boxed elementor-section-height-default elementor-section-height-default\" data-id=\"db6d237\" data-element_type=\"section\">\n\t\t\t\t\t\t<div class=\"elementor-container elementor-column-gap-default\">\n\t\t\t\t\t<div class=\"elementor-column elementor-col-100 elementor-top-column elementor-element elementor-element-8a37ae3\" data-id=\"8a37ae3\" data-element_type=\"column\">\n\t\t\t<div class=\"elementor-widget-wrap elementor-element-populated\">\n\t\t\t\t\t\t\t<\/div>\n\t\t<\/div>\n\t\t\t\t\t<\/div>\n\t\t<\/section>\n\t\t\t\t<section class=\"elementor-section elementor-top-section elementor-element elementor-element-338ad2c elementor-section-boxed elementor-section-height-default elementor-section-height-default\" data-id=\"338ad2c\" data-element_type=\"section\">\n\t\t\t\t\t\t<div class=\"elementor-container elementor-column-gap-default\">\n\t\t\t\t\t<div class=\"elementor-column elementor-col-50 elementor-top-column elementor-element elementor-element-b8b8f55\" data-id=\"b8b8f55\" data-element_type=\"column\">\n\t\t\t<div class=\"elementor-widget-wrap elementor-element-populated\">\n\t\t\t\t\t\t<div class=\"elementor-element elementor-element-2959907 elementor-widget elementor-widget-shortcode\" data-id=\"2959907\" data-element_type=\"widget\" data-widget_type=\"shortcode.default\">\n\t\t\t\t<div class=\"elementor-widget-container\">\n\t\t\t\t\t<div class=\"elementor-shortcode\">\n<div class=\"wpcf7 no-js\" id=\"wpcf7-f1150-o1\" lang=\"pt-PT\" dir=\"ltr\">\n<div class=\"screen-reader-response\"><p role=\"status\" aria-live=\"polite\" aria-atomic=\"true\"><\/p> <ul><\/ul><\/div>\n<form action=\"\/site\/wp-json\/wp\/v2\/pages\/1151#wpcf7-f1150-o1\" method=\"post\" class=\"wpcf7-form init\" aria-label=\"Formul\u00e1rio de contacto\" novalidate=\"novalidate\" data-status=\"init\">\n<div style=\"display: none;\">\n<input type=\"hidden\" name=\"_wpcf7\" value=\"1150\" \/>\n<input type=\"hidden\" name=\"_wpcf7_version\" value=\"5.9.7\" \/>\n<input type=\"hidden\" name=\"_wpcf7_locale\" value=\"pt_PT\" \/>\n<input type=\"hidden\" name=\"_wpcf7_unit_tag\" value=\"wpcf7-f1150-o1\" \/>\n<input type=\"hidden\" name=\"_wpcf7_container_post\" value=\"0\" \/>\n<input type=\"hidden\" name=\"_wpcf7_posted_data_hash\" value=\"\" \/>\n<\/div>\n<p><label>\n\t\t<font color=\"#222222\" size=\"6\" > INSCRI\u00c7\u00c3O \/ RECRUTAMENTO BOMBEIROS VOLUNT\u00c1RIOS TIRSENSES\n\t\t<\/font> <\/label>\n<\/p>\n<p><label>\n\t\t<font color=\"#222222\" size=\"5\" >DADOS PESSOAIS:\n\t\t<\/font> <\/label>\n<\/p>\n<p><label>\n\t\t<font color=\"#222222\" > O seu nome (obrigat\u00f3rio)\n <span class=\"wpcf7-form-control-wrap\" data-name=\"your-name\"><input size=\"40\" maxlength=\"400\" class=\"wpcf7-form-control wpcf7-text wpcf7-validates-as-required\" aria-required=\"true\" aria-invalid=\"false\" value=\"\" type=\"text\" name=\"your-name\" \/><\/span>\n\t\t<\/font> <\/label>\n<\/p>\n<p><label>\n\t\t<font color=\"#222222\" > A sua filia\u00e7\u00e3o (obrigat\u00f3rio)\n <span class=\"wpcf7-form-control-wrap\" data-name=\"your-filiacao\"><input size=\"40\" maxlength=\"400\" class=\"wpcf7-form-control wpcf7-text wpcf7-validates-as-required\" aria-required=\"true\" aria-invalid=\"false\" value=\"Nome do Pai e Nome da M\u00e3e\" type=\"text\" name=\"your-filiacao\" \/><\/span>\n\t\t<\/font> <\/label>\n<\/p>\n<p><label>\n\t\t<font color=\"#222222\" > O seu grupo de sangue (obrigat\u00f3rio)\n <span class=\"wpcf7-form-control-wrap\" data-name=\"menu-gruposangue\"><select class=\"wpcf7-form-control wpcf7-select wpcf7-validates-as-required\" aria-required=\"true\" aria-invalid=\"false\" name=\"menu-gruposangue\"><option value=\"O+\">O+<\/option><option value=\"A+\">A+<\/option><option value=\"B+\">B+<\/option><option value=\"AB+\">AB+<\/option><option value=\"O-\">O-<\/option><option value=\"A-\">A-<\/option><option value=\"B-\">B-<\/option><option value=\"AB-\">AB-<\/option><\/select><\/span>\n\t\t<\/font> <\/label>\n<\/p>\n<p><label>\n\t\t<font color=\"#222222\" >A sua morada (obrigat\u00f3rio)\n <span class=\"wpcf7-form-control-wrap\" data-name=\"your-morada\"><input size=\"40\" maxlength=\"400\" class=\"wpcf7-form-control wpcf7-text wpcf7-validates-as-required\" aria-required=\"true\" aria-invalid=\"false\" value=\"\" type=\"text\" name=\"your-morada\" \/><\/span>\n\t\t<\/font> <\/label>\n<\/p>\n<p><label>\n\t\t<font color=\"#222222\" >O seu c\u00f3digo postal (obrigat\u00f3rio) \n <span class=\"wpcf7-form-control-wrap\" data-name=\"your-codpostal\"><input size=\"40\" maxlength=\"400\" class=\"wpcf7-form-control wpcf7-text wpcf7-validates-as-required\" aria-required=\"true\" aria-invalid=\"false\" value=\"0000-000\" type=\"text\" name=\"your-codpostal\" \/><\/span>\n\t\t<\/font> <\/label>\n<\/p>\n<p><label>\n\t\t<font color=\"#222222\" >A sua freguesia (obrigat\u00f3rio)\n <span class=\"wpcf7-form-control-wrap\" data-name=\"your-freguesia\"><input size=\"40\" maxlength=\"400\" class=\"wpcf7-form-control wpcf7-text wpcf7-validates-as-required\" aria-required=\"true\" aria-invalid=\"false\" value=\"\" type=\"text\" name=\"your-freguesia\" \/><\/span>\n\t\t<\/font> <\/label>\n<\/p>\n<p><label>\n\t\t<font color=\"#222222\" >O seu concelho (obrigat\u00f3rio)\n <span class=\"wpcf7-form-control-wrap\" data-name=\"your-concelho\"><input size=\"40\" maxlength=\"400\" class=\"wpcf7-form-control wpcf7-text wpcf7-validates-as-required\" aria-required=\"true\" aria-invalid=\"false\" value=\"\" type=\"text\" name=\"your-concelho\" \/><\/span>\n\t\t<\/font> <\/label>\n<\/p>\n<p><label>\n\t\t<font color=\"#222222\" >O seu distrito (obrigat\u00f3rio)\n <span class=\"wpcf7-form-control-wrap\" data-name=\"your-distrito\"><input size=\"40\" maxlength=\"400\" class=\"wpcf7-form-control wpcf7-text wpcf7-validates-as-required\" aria-required=\"true\" aria-invalid=\"false\" value=\"\" type=\"text\" name=\"your-distrito\" \/><\/span>\n\t\t<\/font> <\/label>\n<\/p>\n<p><label>\n\t\t<font color=\"#222222\" > O seu BI\/CC (obrigat\u00f3rio)\n <span class=\"wpcf7-form-control-wrap\" data-name=\"your-cc\"><input size=\"40\" maxlength=\"400\" class=\"wpcf7-form-control wpcf7-text wpcf7-validates-as-required\" aria-required=\"true\" aria-invalid=\"false\" value=\"\" type=\"text\" name=\"your-cc\" \/><\/span>\n\t\t<\/font> <\/label>\n<\/p>\n<p><label>\n\t\t<font color=\"#222222\" >A validade do seu BI\/CC (obrigat\u00f3rio)\n <span class=\"wpcf7-form-control-wrap\" data-name=\"date-ccvalidade\"><input class=\"wpcf7-form-control wpcf7-date wpcf7-validates-as-required wpcf7-validates-as-date\" aria-required=\"true\" aria-invalid=\"false\" value=\"\" type=\"date\" name=\"date-ccvalidade\" \/><\/span>\n\t\t<\/font> <\/label>\n<\/p>\n<p><label>\n\t\t<font color=\"#222222\" > O seu estado civil (obrigat\u00f3rio)\n <span class=\"wpcf7-form-control-wrap\" data-name=\"your-estadocivil\"><input size=\"40\" maxlength=\"400\" class=\"wpcf7-form-control wpcf7-text wpcf7-validates-as-required\" aria-required=\"true\" aria-invalid=\"false\" value=\"\" type=\"text\" name=\"your-estadocivil\" \/><\/span>\n\t\t<\/font> <\/label>\n<\/p>\n<p><label>\n\t\t<font color=\"#222222\" >A sua data de nascimento (obrigat\u00f3rio)\n <span class=\"wpcf7-form-control-wrap\" data-name=\"date-nascimento\"><input class=\"wpcf7-form-control wpcf7-date wpcf7-validates-as-required wpcf7-validates-as-date\" aria-required=\"true\" aria-invalid=\"false\" value=\"\" type=\"date\" name=\"date-nascimento\" \/><\/span>\n\t\t<\/font> <\/label>\n<\/p>\n<p><label>\n\t\t<font color=\"#222222\" > O sua naturalidade (obrigat\u00f3rio)\n <span class=\"wpcf7-form-control-wrap\" data-name=\"your-naturalidade\"><input size=\"40\" maxlength=\"400\" class=\"wpcf7-form-control wpcf7-text wpcf7-validates-as-required\" aria-required=\"true\" aria-invalid=\"false\" value=\"\" type=\"text\" name=\"your-naturalidade\" \/><\/span>\n\t\t<\/font> <\/label>\n<\/p>\n<p><label>\n\t\t<font color=\"#222222\" > O seu telefone \/ Telem\u00f3vel (obrigat\u00f3rio)\n <span class=\"wpcf7-form-control-wrap\" data-name=\"tel-telf_telem\"><input size=\"40\" maxlength=\"400\" class=\"wpcf7-form-control wpcf7-tel wpcf7-validates-as-required wpcf7-text wpcf7-validates-as-tel\" aria-required=\"true\" aria-invalid=\"false\" value=\"\" type=\"tel\" name=\"tel-telf_telem\" \/><\/span>\n\t\t<\/font><\/label>\n<\/p>\n<p><label>\n\t\t<font color=\"#222222\" > O sua habilita\u00e7\u00e3o liter\u00e1ria (obrigat\u00f3rio)\n <span class=\"wpcf7-form-control-wrap\" data-name=\"your-habilitacaoliteraria\"><input size=\"40\" maxlength=\"400\" class=\"wpcf7-form-control wpcf7-text wpcf7-validates-as-required\" aria-required=\"true\" aria-invalid=\"false\" value=\"\" type=\"text\" name=\"your-habilitacaoliteraria\" \/><\/span>\n\t\t<\/font> <\/label>\n<\/p>\n<p><label>\n\t\t<font color=\"#222222\" > O sua profiss\u00e3o (obrigat\u00f3rio)\n <span class=\"wpcf7-form-control-wrap\" data-name=\"your-profissao\"><input size=\"40\" maxlength=\"400\" class=\"wpcf7-form-control wpcf7-text wpcf7-validates-as-required\" aria-required=\"true\" aria-invalid=\"false\" value=\"\" type=\"text\" name=\"your-profissao\" \/><\/span>\n\t\t<\/font> <\/label>\n<\/p>\n<p><label>\n\t\t<font color=\"#222222\" > O seu n.\u00ba de utente (obrigat\u00f3rio)\n <span class=\"wpcf7-form-control-wrap\" data-name=\"your-utente\"><input size=\"40\" maxlength=\"400\" class=\"wpcf7-form-control wpcf7-text wpcf7-validates-as-required\" aria-required=\"true\" aria-invalid=\"false\" value=\"\" type=\"text\" name=\"your-utente\" \/><\/span>\n\t\t<\/font> <\/label>\n<\/p>\n<p><label>\n\t\t<font color=\"#222222\" > O seu n.\u00ba de seguran\u00e7a social (obigat\u00f3rio)\n <span class=\"wpcf7-form-control-wrap\" data-name=\"your-niss\"><input size=\"40\" maxlength=\"400\" class=\"wpcf7-form-control wpcf7-text wpcf7-validates-as-required\" aria-required=\"true\" aria-invalid=\"false\" value=\"\" type=\"text\" name=\"your-niss\" \/><\/span>\n\t\t<\/font> <\/label>\n<\/p>\n<p><label>\n\t\t<font color=\"#222222\" > O seu contribuite (obrigat\u00f3rio)\n <span class=\"wpcf7-form-control-wrap\" data-name=\"your-contribuinte\"><input size=\"40\" maxlength=\"400\" class=\"wpcf7-form-control wpcf7-text wpcf7-validates-as-required\" aria-required=\"true\" aria-invalid=\"false\" value=\"\" type=\"text\" name=\"your-contribuinte\" \/><\/span>\n\t\t<\/font> <\/label>\n<\/p>\n<p><label>\n\t\t<font color=\"#222222\" > O seu email (obrigat\u00f3rio)\n <span class=\"wpcf7-form-control-wrap\" data-name=\"email-email\"><input size=\"40\" maxlength=\"400\" class=\"wpcf7-form-control wpcf7-email wpcf7-validates-as-required wpcf7-text wpcf7-validates-as-email\" aria-required=\"true\" aria-invalid=\"false\" value=\"\" type=\"email\" name=\"email-email\" \/><\/span>\n\t\t<\/font> <\/label>\n<\/p>\n<p><label>\n\t\t<font color=\"#222222\" size=\"5\" >Servi\u00e7o Militar:\n\t\t<\/font> <\/label>\n<\/p>\n<p><label>\n\t\t<font color=\"#222222\" > Ano\n <span class=\"wpcf7-form-control-wrap\" data-name=\"your-servmilitarano\"><input size=\"40\" maxlength=\"400\" class=\"wpcf7-form-control wpcf7-text\" aria-invalid=\"false\" value=\"\" type=\"text\" name=\"your-servmilitarano\" \/><\/span>\n\t\t<\/font> <\/label>\n<\/p>\n<p><label>\n\t\t<font color=\"#222222\" > Unidade\n <span class=\"wpcf7-form-control-wrap\" data-name=\"your-servmilitarunidade\"><input size=\"40\" maxlength=\"400\" class=\"wpcf7-form-control wpcf7-text\" aria-invalid=\"false\" value=\"\" type=\"text\" name=\"your-servmilitarunidade\" \/><\/span>\n\t\t<\/font> <\/label>\n<\/p>\n<p><label>\n\t\t<font color=\"#222222\" > Posto\n <span class=\"wpcf7-form-control-wrap\" data-name=\"your-servmilitarposto\"><input size=\"40\" maxlength=\"400\" class=\"wpcf7-form-control wpcf7-text\" aria-invalid=\"false\" value=\"\" type=\"text\" name=\"your-servmilitarposto\" \/><\/span>\n\t\t<\/font> <\/label>\n<\/p>\n<p><label>\n\t\t<font color=\"#222222\" size=\"5\" >Carta de Condu\u00e7\u00e3o:\n\t\t<\/font> <\/label>\n<\/p>\n<p><label>\n\t\t<font color=\"#222222\" > Categoria(s)\n <span class=\"wpcf7-form-control-wrap\" data-name=\"menu-cartacategorias\"><select class=\"wpcf7-form-control wpcf7-select wpcf7-validates-as-required\" aria-required=\"true\" aria-invalid=\"false\" name=\"menu-cartacategorias\"><option value=\"AM\">AM<\/option><option value=\"A1\">A1<\/option><option value=\"A2\">A2<\/option><option value=\"A\">A<\/option><option value=\"B1\">B1<\/option><option value=\"B\" selected=\"selected\">B<\/option><option value=\"C1\">C1<\/option><option value=\"C\">C<\/option><option value=\"D1\">D1<\/option><option value=\"D\">D<\/option><option value=\"BE\">BE<\/option><option value=\"C1E\">C1E<\/option><option value=\"D1E\">D1E<\/option><option value=\"DE\">DE<\/option><\/select><\/span>\n\t\t<\/font> <\/label>\n<\/p>\n<p><label>\n\t\t<font color=\"#222222\" > N\u00famero \n <span class=\"wpcf7-form-control-wrap\" data-name=\"your-cartanumero\"><input size=\"40\" maxlength=\"400\" class=\"wpcf7-form-control wpcf7-text\" aria-invalid=\"false\" value=\"\" type=\"text\" name=\"your-cartanumero\" \/><\/span>\n\t\t<\/font> <\/label>\n<\/p>\n<p><label>\n\t\t<font color=\"#222222\" > Validade \n <span class=\"wpcf7-form-control-wrap\" data-name=\"date-cartavalidade\"><input class=\"wpcf7-form-control wpcf7-date wpcf7-validates-as-date\" aria-invalid=\"false\" value=\"\" type=\"date\" name=\"date-cartavalidade\" \/><\/span>\n\t\t<\/font> <\/label>\n<\/p>\n<p><input class=\"wpcf7-form-control wpcf7-submit has-spinner\" type=\"submit\" value=\"Enviar\" \/>\n<\/p><p style=\"display: none !important;\" class=\"akismet-fields-container\" data-prefix=\"_wpcf7_ak_\"><label>&#916;<textarea name=\"_wpcf7_ak_hp_textarea\" cols=\"45\" rows=\"8\" maxlength=\"100\"><\/textarea><\/label><input type=\"hidden\" id=\"ak_js_1\" name=\"_wpcf7_ak_js\" value=\"68\"\/><script>document.getElementById( \"ak_js_1\" ).setAttribute( \"value\", ( new Date() ).getTime() );<\/script><\/p><div class=\"wpcf7-response-output\" aria-hidden=\"true\"><\/div>\n<\/form>\n<\/div>\n<\/div>\n\t\t\t\t<\/div>\n\t\t\t\t<\/div>\n\t\t\t\t\t<\/div>\n\t\t<\/div>\n\t\t\t\t<div class=\"elementor-column elementor-col-50 elementor-top-column elementor-element elementor-element-eff8b03\" data-id=\"eff8b03\" data-element_type=\"column\">\n\t\t\t<div class=\"elementor-widget-wrap elementor-element-populated\">\n\t\t\t\t\t\t<div class=\"elementor-element elementor-element-6e5b158 elementor-widget elementor-widget-image\" data-id=\"6e5b158\" data-element_type=\"widget\" data-widget_type=\"image.default\">\n\t\t\t\t<div class=\"elementor-widget-container\">\n\t\t\t\t\t\t\t\t\t\t\t\t\t<img fetchpriority=\"high\" decoding=\"async\" width=\"1024\" height=\"683\" src=\"https:\/\/bvtirsenses.pt\/site\/wp-content\/uploads\/2019\/08\/fire-2263405-1024x683.jpg\" class=\"attachment-large size-large wp-image-1182\" alt=\"\" srcset=\"https:\/\/bvtirsenses.pt\/site\/wp-content\/uploads\/2019\/08\/fire-2263405-1024x683.jpg 1024w, https:\/\/bvtirsenses.pt\/site\/wp-content\/uploads\/2019\/08\/fire-2263405-e1564660063431-454x303.jpg 454w, https:\/\/bvtirsenses.pt\/site\/wp-content\/uploads\/2019\/08\/fire-2263405-300x200.jpg 300w, https:\/\/bvtirsenses.pt\/site\/wp-content\/uploads\/2019\/08\/fire-2263405-768x512.jpg 768w, https:\/\/bvtirsenses.pt\/site\/wp-content\/uploads\/2019\/08\/fire-2263405-e1564660063431.jpg 1280w\" sizes=\"(max-width: 1024px) 100vw, 1024px\" \/>\t\t\t\t\t\t\t\t\t\t\t\t\t<\/div>\n\t\t\t\t<\/div>\n\t\t\t\t<div class=\"elementor-element elementor-element-464471e elementor-widget elementor-widget-image\" data-id=\"464471e\" data-element_type=\"widget\" data-widget_type=\"image.default\">\n\t\t\t\t<div class=\"elementor-widget-container\">\n\t\t\t\t\t\t\t\t\t\t\t\t\t<img decoding=\"async\" width=\"1024\" height=\"683\" src=\"https:\/\/bvtirsenses.pt\/site\/wp-content\/uploads\/2019\/08\/ibrahim-mushan-1066343-unsplash-1024x683.jpg\" class=\"attachment-large size-large wp-image-1183\" alt=\"\" srcset=\"https:\/\/bvtirsenses.pt\/site\/wp-content\/uploads\/2019\/08\/ibrahim-mushan-1066343-unsplash-1024x683.jpg 1024w, https:\/\/bvtirsenses.pt\/site\/wp-content\/uploads\/2019\/08\/ibrahim-mushan-1066343-unsplash-e1564660167544-454x303.jpg 454w, https:\/\/bvtirsenses.pt\/site\/wp-content\/uploads\/2019\/08\/ibrahim-mushan-1066343-unsplash-300x200.jpg 300w, https:\/\/bvtirsenses.pt\/site\/wp-content\/uploads\/2019\/08\/ibrahim-mushan-1066343-unsplash-768x512.jpg 768w, https:\/\/bvtirsenses.pt\/site\/wp-content\/uploads\/2019\/08\/ibrahim-mushan-1066343-unsplash-e1564660167544.jpg 1280w\" sizes=\"(max-width: 1024px) 100vw, 1024px\" \/>\t\t\t\t\t\t\t\t\t\t\t\t\t<\/div>\n\t\t\t\t<\/div>\n\t\t\t\t<div class=\"elementor-element elementor-element-148ab2e elementor-widget elementor-widget-image\" data-id=\"148ab2e\" data-element_type=\"widget\" data-widget_type=\"image.default\">\n\t\t\t\t<div class=\"elementor-widget-container\">\n\t\t\t\t\t\t\t\t\t\t\t\t\t<img decoding=\"async\" width=\"921\" height=\"618\" src=\"https:\/\/bvtirsenses.pt\/site\/wp-content\/uploads\/2019\/08\/Campo_de_Treinos_3_site.jpg\" class=\"attachment-large size-large wp-image-1180\" alt=\"\" srcset=\"https:\/\/bvtirsenses.pt\/site\/wp-content\/uploads\/2019\/08\/Campo_de_Treinos_3_site.jpg 921w, https:\/\/bvtirsenses.pt\/site\/wp-content\/uploads\/2019\/08\/Campo_de_Treinos_3_site-454x305.jpg 454w, https:\/\/bvtirsenses.pt\/site\/wp-content\/uploads\/2019\/08\/Campo_de_Treinos_3_site-300x201.jpg 300w, https:\/\/bvtirsenses.pt\/site\/wp-content\/uploads\/2019\/08\/Campo_de_Treinos_3_site-768x515.jpg 768w\" sizes=\"(max-width: 921px) 100vw, 921px\" \/>\t\t\t\t\t\t\t\t\t\t\t\t\t<\/div>\n\t\t\t\t<\/div>\n\t\t\t\t<div class=\"elementor-element elementor-element-429a0d4 elementor-widget elementor-widget-image\" data-id=\"429a0d4\" data-element_type=\"widget\" data-widget_type=\"image.default\">\n\t\t\t\t<div class=\"elementor-widget-container\">\n\t\t\t\t\t\t\t\t\t\t\t\t\t<img loading=\"lazy\" decoding=\"async\" width=\"1024\" height=\"681\" src=\"https:\/\/bvtirsenses.pt\/site\/wp-content\/uploads\/2019\/08\/accident-1853151-1024x681.jpg\" class=\"attachment-large size-large wp-image-1178\" alt=\"\" srcset=\"https:\/\/bvtirsenses.pt\/site\/wp-content\/uploads\/2019\/08\/accident-1853151-1024x681.jpg 1024w, https:\/\/bvtirsenses.pt\/site\/wp-content\/uploads\/2019\/08\/accident-1853151-e1564659834554-454x302.jpg 454w, https:\/\/bvtirsenses.pt\/site\/wp-content\/uploads\/2019\/08\/accident-1853151-300x200.jpg 300w, https:\/\/bvtirsenses.pt\/site\/wp-content\/uploads\/2019\/08\/accident-1853151-768x511.jpg 768w, https:\/\/bvtirsenses.pt\/site\/wp-content\/uploads\/2019\/08\/accident-1853151-e1564659834554.jpg 1280w\" sizes=\"(max-width: 1024px) 100vw, 1024px\" \/>\t\t\t\t\t\t\t\t\t\t\t\t\t<\/div>\n\t\t\t\t<\/div>\n\t\t\t\t<div class=\"elementor-element elementor-element-6ff6c57 elementor-widget elementor-widget-image\" data-id=\"6ff6c57\" data-element_type=\"widget\" data-widget_type=\"image.default\">\n\t\t\t\t<div class=\"elementor-widget-container\">\n\t\t\t\t\t\t\t\t\t\t\t\t\t<img loading=\"lazy\" decoding=\"async\" width=\"1024\" height=\"683\" src=\"https:\/\/bvtirsenses.pt\/site\/wp-content\/uploads\/2019\/08\/bailey-heedick-973023-unsplash-1024x683.jpg\" class=\"attachment-large size-large wp-image-1179\" alt=\"\" srcset=\"https:\/\/bvtirsenses.pt\/site\/wp-content\/uploads\/2019\/08\/bailey-heedick-973023-unsplash-1024x683.jpg 1024w, https:\/\/bvtirsenses.pt\/site\/wp-content\/uploads\/2019\/08\/bailey-heedick-973023-unsplash-e1564659815321-454x303.jpg 454w, https:\/\/bvtirsenses.pt\/site\/wp-content\/uploads\/2019\/08\/bailey-heedick-973023-unsplash-300x200.jpg 300w, https:\/\/bvtirsenses.pt\/site\/wp-content\/uploads\/2019\/08\/bailey-heedick-973023-unsplash-768x512.jpg 768w, https:\/\/bvtirsenses.pt\/site\/wp-content\/uploads\/2019\/08\/bailey-heedick-973023-unsplash-e1564659815321.jpg 1280w\" sizes=\"(max-width: 1024px) 100vw, 1024px\" \/>\t\t\t\t\t\t\t\t\t\t\t\t\t<\/div>\n\t\t\t\t<\/div>\n\t\t\t\t<div class=\"elementor-element elementor-element-00b2e27 elementor-widget elementor-widget-image\" data-id=\"00b2e27\" data-element_type=\"widget\" data-widget_type=\"image.default\">\n\t\t\t\t<div class=\"elementor-widget-container\">\n\t\t\t\t\t\t\t\t\t\t\t\t\t<img loading=\"lazy\" decoding=\"async\" width=\"600\" height=\"600\" src=\"https:\/\/bvtirsenses.pt\/site\/wp-content\/uploads\/2018\/11\/LogoBVTA.png\" class=\"attachment-large size-large wp-image-201\" alt=\"\" srcset=\"https:\/\/bvtirsenses.pt\/site\/wp-content\/uploads\/2018\/11\/LogoBVTA.png 600w, https:\/\/bvtirsenses.pt\/site\/wp-content\/uploads\/2018\/11\/LogoBVTA-100x100.png 100w, https:\/\/bvtirsenses.pt\/site\/wp-content\/uploads\/2018\/11\/LogoBVTA-454x454.png 454w, https:\/\/bvtirsenses.pt\/site\/wp-content\/uploads\/2018\/11\/LogoBVTA-150x150.png 150w, https:\/\/bvtirsenses.pt\/site\/wp-content\/uploads\/2018\/11\/LogoBVTA-300x300.png 300w\" sizes=\"(max-width: 600px) 100vw, 600px\" \/>\t\t\t\t\t\t\t\t\t\t\t\t\t<\/div>\n\t\t\t\t<\/div>\n\t\t\t\t\t<\/div>\n\t\t<\/div>\n\t\t\t\t\t<\/div>\n\t\t<\/section>\n\t\t\t\t<\/div>\n\t\t","protected":false},"excerpt":{"rendered":"<p>NOS B.V. TIRSENSES TU FAZES A DIFEREN\u00c7A<\/p>\n","protected":false},"author":1,"featured_media":0,"parent":0,"menu_order":0,"comment_status":"closed","ping_status":"closed","template":"","meta":{"_eb_attr":"","footnotes":""},"class_list":["post-1151","page","type-page","status-publish"],"jetpack_sharing_enabled":true,"_links":{"self":[{"href":"https:\/\/bvtirsenses.pt\/site\/wp-json\/wp\/v2\/pages\/1151","targetHints":{"allow":["GET"]}}],"collection":[{"href":"https:\/\/bvtirsenses.pt\/site\/wp-json\/wp\/v2\/pages"}],"about":[{"href":"https:\/\/bvtirsenses.pt\/site\/wp-json\/wp\/v2\/types\/page"}],"author":[{"embeddable":true,"href":"https:\/\/bvtirsenses.pt\/site\/wp-json\/wp\/v2\/users\/1"}],"replies":[{"embeddable":true,"href":"https:\/\/bvtirsenses.pt\/site\/wp-json\/wp\/v2\/comments?post=1151"}],"version-history":[{"count":12,"href":"https:\/\/bvtirsenses.pt\/site\/wp-json\/wp\/v2\/pages\/1151\/revisions"}],"predecessor-version":[{"id":1186,"href":"https:\/\/bvtirsenses.pt\/site\/wp-json\/wp\/v2\/pages\/1151\/revisions\/1186"}],"wp:attachment":[{"href":"https:\/\/bvtirsenses.pt\/site\/wp-json\/wp\/v2\/media?parent=1151"}],"curies":[{"name":"wp","href":"https:\/\/api.w.org\/{rel}","templated":true}]}}