{"id":1255,"date":"2019-08-09T10:11:53","date_gmt":"2019-08-09T09:11:53","guid":{"rendered":"http:\/\/bvtirsenses.pt\/site\/?page_id=1255"},"modified":"2022-11-15T15:11:12","modified_gmt":"2022-11-15T15:11:12","slug":"corpos-sociais","status":"publish","type":"page","link":"https:\/\/bvtirsenses.pt\/site\/corpos-sociais\/","title":{"rendered":"CORPOS SOCIAIS"},"content":{"rendered":"\t\t<div data-elementor-type=\"wp-post\" data-elementor-id=\"1255\" class=\"elementor elementor-1255\" data-elementor-post-type=\"page\">\n\t\t\t\t\t\t<section class=\"elementor-section elementor-top-section elementor-element elementor-element-9f26750 elementor-section-height-min-height elementor-section-boxed elementor-section-height-default elementor-section-items-middle\" data-id=\"9f26750\" data-element_type=\"section\" data-settings=\"{&quot;background_background&quot;:&quot;classic&quot;}\">\n\t\t\t\t\t\t<div class=\"elementor-container elementor-column-gap-default\">\n\t\t\t\t\t<div class=\"elementor-column elementor-col-100 elementor-top-column elementor-element elementor-element-d15efbc\" data-id=\"d15efbc\" data-element_type=\"column\">\n\t\t\t<div class=\"elementor-widget-wrap elementor-element-populated\">\n\t\t\t\t\t\t<div class=\"elementor-element elementor-element-fc25453 elementor-widget elementor-widget-heading\" data-id=\"fc25453\" data-element_type=\"widget\" data-widget_type=\"heading.default\">\n\t\t\t\t<div class=\"elementor-widget-container\">\n\t\t\t<h2 class=\"elementor-heading-title elementor-size-default\">AMARELOS              <\/h2>\t\t<\/div>\n\t\t\t\t<\/div>\n\t\t\t\t\t<\/div>\n\t\t<\/div>\n\t\t\t\t\t<\/div>\n\t\t<\/section>\n\t\t\t\t<section class=\"elementor-section elementor-top-section elementor-element elementor-element-bc6450b elementor-section-boxed elementor-section-height-default elementor-section-height-default\" data-id=\"bc6450b\" data-element_type=\"section\">\n\t\t\t\t\t\t<div class=\"elementor-container elementor-column-gap-default\">\n\t\t\t\t\t<div class=\"elementor-column elementor-col-100 elementor-top-column elementor-element elementor-element-6b79070\" data-id=\"6b79070\" data-element_type=\"column\">\n\t\t\t<div class=\"elementor-widget-wrap elementor-element-populated\">\n\t\t\t\t\t\t<div class=\"elementor-element elementor-element-e086fc6 elementor-widget elementor-widget-spacer\" data-id=\"e086fc6\" data-element_type=\"widget\" data-widget_type=\"spacer.default\">\n\t\t\t\t<div class=\"elementor-widget-container\">\n\t\t\t\t\t<div class=\"elementor-spacer\">\n\t\t\t<div class=\"elementor-spacer-inner\"><\/div>\n\t\t<\/div>\n\t\t\t\t<\/div>\n\t\t\t\t<\/div>\n\t\t\t\t\t<\/div>\n\t\t<\/div>\n\t\t\t\t\t<\/div>\n\t\t<\/section>\n\t\t\t\t<section class=\"elementor-section elementor-top-section elementor-element elementor-element-43e1f39 elementor-section-boxed elementor-section-height-default elementor-section-height-default\" data-id=\"43e1f39\" data-element_type=\"section\">\n\t\t\t\t\t\t<div class=\"elementor-container elementor-column-gap-default\">\n\t\t\t\t\t<div class=\"elementor-column elementor-col-100 elementor-top-column elementor-element elementor-element-80aae6b\" data-id=\"80aae6b\" data-element_type=\"column\">\n\t\t\t<div class=\"elementor-widget-wrap elementor-element-populated\">\n\t\t\t\t\t\t<div class=\"elementor-element elementor-element-31143f3 elementor-widget elementor-widget-heading\" data-id=\"31143f3\" data-element_type=\"widget\" data-widget_type=\"heading.default\">\n\t\t\t\t<div class=\"elementor-widget-container\">\n\t\t\t<h2 class=\"elementor-heading-title elementor-size-default\"><strong>CORPOS SOCIAIS - TRI\u00c9NIO 2022\/2025<\/strong><\/h2>\t\t<\/div>\n\t\t\t\t<\/div>\n\t\t\t\t<div class=\"elementor-element elementor-element-3cd9b5f elementor-widget elementor-widget-toggle\" data-id=\"3cd9b5f\" data-element_type=\"widget\" data-widget_type=\"toggle.default\">\n\t\t\t\t<div class=\"elementor-widget-container\">\n\t\t\t\t\t<div class=\"elementor-toggle\">\n\t\t\t\t\t\t\t<div class=\"elementor-toggle-item\">\n\t\t\t\t\t<div id=\"elementor-tab-title-6381\" class=\"elementor-tab-title\" data-tab=\"1\" role=\"button\" aria-controls=\"elementor-tab-content-6381\" aria-expanded=\"false\">\n\t\t\t\t\t\t\t\t\t\t\t\t<span class=\"elementor-toggle-icon elementor-toggle-icon-left\" aria-hidden=\"true\">\n\t\t\t\t\t\t\t\t\t\t\t\t\t\t\t<span class=\"elementor-toggle-icon-closed\"><i class=\"fas fa-caret-right\"><\/i><\/span>\n\t\t\t\t\t\t\t\t<span class=\"elementor-toggle-icon-opened\"><i class=\"elementor-toggle-icon-opened fas fa-caret-up\"><\/i><\/span>\n\t\t\t\t\t\t\t\t\t\t\t\t\t<\/span>\n\t\t\t\t\t\t\t\t\t\t\t\t<a class=\"elementor-toggle-title\" tabindex=\"0\">Mesa da Assembleia Geral <\/a>\n\t\t\t\t\t<\/div>\n\n\t\t\t\t\t<div id=\"elementor-tab-content-6381\" class=\"elementor-tab-content elementor-clearfix\" data-tab=\"1\" role=\"region\" aria-labelledby=\"elementor-tab-title-6381\"><p>Presidente &#8211; Jos\u00e9 Maria Dias, Dr.<\/p><p>Vice-Presidente &#8211; Armindo Teixeira Borges<\/p><p>1\u00ba Secret\u00e1rio &#8211; Sandra Maria Sousa Lopes, Dr.\u00aa<\/p><p>2\u00ba Secret\u00e1rio &#8211; Lu\u00eds Gonzaga Freitas Rodrigues<\/p><p>3\u00ba Secret\u00e1rio &#8211; Jos\u00e9 Pedro Castro Costa Mor\u00eada de Miranda, Dr.<\/p><\/div>\n\t\t\t\t<\/div>\n\t\t\t\t\t\t\t<div class=\"elementor-toggle-item\">\n\t\t\t\t\t<div id=\"elementor-tab-title-6382\" class=\"elementor-tab-title\" data-tab=\"2\" role=\"button\" aria-controls=\"elementor-tab-content-6382\" aria-expanded=\"false\">\n\t\t\t\t\t\t\t\t\t\t\t\t<span class=\"elementor-toggle-icon elementor-toggle-icon-left\" aria-hidden=\"true\">\n\t\t\t\t\t\t\t\t\t\t\t\t\t\t\t<span class=\"elementor-toggle-icon-closed\"><i class=\"fas fa-caret-right\"><\/i><\/span>\n\t\t\t\t\t\t\t\t<span class=\"elementor-toggle-icon-opened\"><i class=\"elementor-toggle-icon-opened fas fa-caret-up\"><\/i><\/span>\n\t\t\t\t\t\t\t\t\t\t\t\t\t<\/span>\n\t\t\t\t\t\t\t\t\t\t\t\t<a class=\"elementor-toggle-title\" tabindex=\"0\">Conselho Fiscal<\/a>\n\t\t\t\t\t<\/div>\n\n\t\t\t\t\t<div id=\"elementor-tab-content-6382\" class=\"elementor-tab-content elementor-clearfix\" data-tab=\"2\" role=\"region\" aria-labelledby=\"elementor-tab-title-6382\"><p>Presidente &#8211; Henrique da Cruz Pinheiro Machado, Dr.<\/p><p>Vice-Presidente &#8211; Jos\u00e9 Miguel Moreira Dias, Dr.<\/p><p>Secret\u00e1rio Relator &#8211; Nuno Alberto Videira Costa Carvalho, Eng.\u00ba<\/p><p>Suplente &#8211; Pedro Mota da Costa<\/p><\/div>\n\t\t\t\t<\/div>\n\t\t\t\t\t\t\t<div class=\"elementor-toggle-item\">\n\t\t\t\t\t<div id=\"elementor-tab-title-6383\" class=\"elementor-tab-title\" data-tab=\"3\" role=\"button\" aria-controls=\"elementor-tab-content-6383\" aria-expanded=\"false\">\n\t\t\t\t\t\t\t\t\t\t\t\t<span class=\"elementor-toggle-icon elementor-toggle-icon-left\" aria-hidden=\"true\">\n\t\t\t\t\t\t\t\t\t\t\t\t\t\t\t<span class=\"elementor-toggle-icon-closed\"><i class=\"fas fa-caret-right\"><\/i><\/span>\n\t\t\t\t\t\t\t\t<span class=\"elementor-toggle-icon-opened\"><i class=\"elementor-toggle-icon-opened fas fa-caret-up\"><\/i><\/span>\n\t\t\t\t\t\t\t\t\t\t\t\t\t<\/span>\n\t\t\t\t\t\t\t\t\t\t\t\t<a class=\"elementor-toggle-title\" tabindex=\"0\">Direc\u00e7\u00e3o<\/a>\n\t\t\t\t\t<\/div>\n\n\t\t\t\t\t<div id=\"elementor-tab-content-6383\" class=\"elementor-tab-content elementor-clearfix\" data-tab=\"3\" role=\"region\" aria-labelledby=\"elementor-tab-title-6383\"><p>Presidente &#8211; Carlos Manuel de Oliveira Silva, Dr.<\/p><p>Vice-Presidente &#8211; Norberto Paulo Freitas Sampaio<\/p><p>Tesoureiro &#8211; Rui Manuel Andrade Matos<\/p><p>Tesoureiro-Adjunto &#8211; Ant\u00f3nio Al\u00edpio Fernandes Pereira<\/p><p>Secret\u00e1rio &#8211; Jos\u00e9 Gon\u00e7alo Alves Correia da Silva, Dr.<\/p><p>Secret\u00e1rio-Adjunto &#8211; Jos\u00e9 Manuel Fernandes<\/p><p>Vogal &#8211; Fernando Pedro Ferreira da Silva Ribeiro, Arq.<\/p><p>Vogal &#8211; Jos\u00e9 Paulo Castro Rebelo<\/p><p>Vogal &#8211; Milton Eduardo Fernandes da Silva<\/p><p>Vogal &#8211; Armindo Renato Martins Sousa<\/p><p>Vogal &#8211; Jo\u00e3o Manuel Machado Faria de Abreu, Dr.<\/p><p>Suplente &#8211; Ant\u00f3nio Lereno Sousa Machado, Eng.\u00ba<\/p><p>Suplente &#8211; Maria Cl\u00e1udia Faria Ramalho Silva Gon\u00e7alves, Dr\u00aa.<\/p><\/div>\n\t\t\t\t<\/div>\n\t\t\t\t\t\t\t\t<\/div>\n\t\t\t\t<\/div>\n\t\t\t\t<\/div>\n\t\t\t\t\t<\/div>\n\t\t<\/div>\n\t\t\t\t\t<\/div>\n\t\t<\/section>\n\t\t\t\t<\/div>\n\t\t","protected":false},"excerpt":{"rendered":"<p>AMARELOS CORPOS SOCIAIS &#8211; TRI\u00c9NIO 2022\/2025 Mesa da Assembleia Geral Presidente &#8211; Jos\u00e9 Maria Dias, Dr. Vice-Presidente &#8211; Armindo Teixeira Borges 1\u00ba Secret\u00e1rio &#8211; Sandra Maria Sousa Lopes, Dr.\u00aa 2\u00ba Secret\u00e1rio &#8211; Lu\u00eds Gonzaga Freitas Rodrigues 3\u00ba Secret\u00e1rio &#8211; Jos\u00e9 Pedro Castro Costa Mor\u00eada de Miranda, Dr. Conselho Fiscal Presidente &#8211; Henrique da Cruz Pinheiro &#8230; <a title=\"CORPOS SOCIAIS\" class=\"read-more\" href=\"https:\/\/bvtirsenses.pt\/site\/corpos-sociais\/\" aria-label=\"Leia mais sobre CORPOS SOCIAIS\">Ler mais<\/a><\/p>\n","protected":false},"author":1,"featured_media":0,"parent":0,"menu_order":0,"comment_status":"closed","ping_status":"closed","template":"","meta":{"_eb_attr":"","footnotes":""},"class_list":["post-1255","page","type-page","status-publish"],"jetpack_sharing_enabled":true,"_links":{"self":[{"href":"https:\/\/bvtirsenses.pt\/site\/wp-json\/wp\/v2\/pages\/1255","targetHints":{"allow":["GET"]}}],"collection":[{"href":"https:\/\/bvtirsenses.pt\/site\/wp-json\/wp\/v2\/pages"}],"about":[{"href":"https:\/\/bvtirsenses.pt\/site\/wp-json\/wp\/v2\/types\/page"}],"author":[{"embeddable":true,"href":"https:\/\/bvtirsenses.pt\/site\/wp-json\/wp\/v2\/users\/1"}],"replies":[{"embeddable":true,"href":"https:\/\/bvtirsenses.pt\/site\/wp-json\/wp\/v2\/comments?post=1255"}],"version-history":[{"count":112,"href":"https:\/\/bvtirsenses.pt\/site\/wp-json\/wp\/v2\/pages\/1255\/revisions"}],"predecessor-version":[{"id":2684,"href":"https:\/\/bvtirsenses.pt\/site\/wp-json\/wp\/v2\/pages\/1255\/revisions\/2684"}],"wp:attachment":[{"href":"https:\/\/bvtirsenses.pt\/site\/wp-json\/wp\/v2\/media?parent=1255"}],"curies":[{"name":"wp","href":"https:\/\/api.w.org\/{rel}","templated":true}]}}